{"id":8307,"date":"2025-10-22T15:05:25","date_gmt":"2025-10-22T12:05:25","guid":{"rendered":"https:\/\/icmekantasarim.avrasya.edu.tr\/?page_id=8307"},"modified":"2025-10-22T15:05:26","modified_gmt":"2025-10-22T12:05:26","slug":"program-ogretim-amaclari","status":"publish","type":"page","link":"https:\/\/icmekantasarim.avrasya.edu.tr\/?page_id=8307","title":{"rendered":"Program \u00d6\u011fretim Ama\u00e7lar\u0131"},"content":{"rendered":"\n<p><strong>P\u00d6A1<\/strong>: \u0130\u00e7 mekan tasar\u0131m\u0131 alan\u0131nda temel tasar\u0131m ilkeleri, ergonomi, malzeme bilgisi ve teknik \u00e7izim konular\u0131nda sa\u011flam bir bilgi birikimine sahip, mesleki uygulamalarda bu bilgileri etkin bi\u00e7imde kullanabilen mezunlar yeti\u015ftirmek.<\/p>\n\n\n\n<p><strong>P\u00d6A2<\/strong>: Tasar\u0131m s\u00fcrecinde estetik, fonksiyonellik, kullan\u0131c\u0131 ihtiya\u00e7lar\u0131 ve \u00e7evresel s\u00fcrd\u00fcr\u00fclebilirlik ilkelerini b\u00fct\u00fcnle\u015ftirebilen; \u00e7a\u011fda\u015f ve yenilik\u00e7i tasar\u0131m \u00e7\u00f6z\u00fcmleri \u00fcretebilen nitelikli i\u00e7 mekan tasar\u0131mc\u0131lar\u0131 yeti\u015ftirmek.<\/p>\n\n\n\n<p><strong>P\u00d6A3<\/strong>: Bili\u015fim teknolojileri, bilgisayar destekli tasar\u0131m (CAD) ve 2D ve 3D etkin kullanarak, i\u00e7 mekan projelerini dijital ortamda geli\u015ftirebilen ve sunabilen profesyoneller kazand\u0131rmak.&nbsp;&nbsp;<\/p>\n\n\n\n<p><strong>P\u00d6A4<\/strong>: Tasar\u0131m problemlerine disiplinler aras\u0131 yakla\u015f\u0131mla \u00e7\u00f6z\u00fcm \u00fcretebilen, analitik d\u00fc\u015f\u00fcnebilen ve problem \u00e7\u00f6zme becerilerini mesleki ortamlara aktarabilen bireyler yeti\u015ftirmek.<\/p>\n\n\n\n<p><strong>P\u00d6A5:<\/strong> Tasar\u0131m s\u00fcrecinde kullan\u0131lan malzemeleri, \u00fcretim tekniklerini ve teknik resim standartlar\u0131n\u0131 do\u011fru ve g\u00fcvenli \u015fekilde uygulayabilen; yap\u0131 teknolojisine hakim teknik personel yeti\u015ftirmek.&nbsp;<\/p>\n\n\n\n<p><strong>P\u00d6A6<\/strong>: Mesleki etik de\u011ferlere, yasal mevzuata, i\u015f sa\u011fl\u0131\u011f\u0131 ve g\u00fcvenli\u011fi bilincine sahip, toplumsal ve \u00e7evresel sorumluluk anlay\u0131\u015f\u0131 geli\u015fmi\u015f bireyler yeti\u015ftirmek.<\/p>\n\n\n\n<p><strong>P\u00d6A7:<\/strong> Proje, staj ve bitirme \u00e7al\u0131\u015fmalar\u0131 arac\u0131l\u0131\u011f\u0131yla ekip \u00e7al\u0131\u015fmas\u0131, liderlik, ileti\u015fim ve zaman y\u00f6netimi becerilerini geli\u015ftiren, i\u015f ya\u015fam\u0131na haz\u0131r mezunlar yeti\u015ftirmek.<\/p>\n\n\n\n<p><strong>P\u00d6A8:<\/strong> Ya\u015fam boyu \u00f6\u011frenme bilincine sahip, yeni teknolojileri takip eden, mesleki geli\u015fimini s\u00fcrekli s\u00fcrd\u00fcrebilen bireylerin yeti\u015fmesini sa\u011flamak.<\/p>\n\n\n\n<p><strong>P\u00d6A9<\/strong>: K\u00fclt\u00fcrel miras\u0131 ve yerel kimli\u011fi g\u00f6zeten, farkl\u0131 estetik ve mekansal de\u011ferleri tasar\u0131ma yans\u0131tabilen duyarl\u0131 i\u00e7 mekan tasar\u0131mc\u0131lar\u0131 yeti\u015ftirmek.<\/p>\n\n\n\n<p><strong>P\u00d6A10:<\/strong> Yaz\u0131l\u0131 ve s\u00f6zl\u00fc ileti\u015fim becerileri g\u00fc\u00e7l\u00fc, T\u00fcrk\u00e7e ve temel d\u00fczeyde \u0130ngilizce terminolojiyi kullanabilen, tasar\u0131mlar\u0131n\u0131 etkili bi\u00e7imde sunabilen mezunlar kazand\u0131rmak<\/p>\n\n\n\n<p><strong>P\u00d6A11:<\/strong> Kamu kurumlar\u0131, \u00f6zel sekt\u00f6r ve giri\u015fimcilik alanlar\u0131nda mesle\u011fini icra edebilecek donan\u0131ma sahip, i\u015f d\u00fcnyas\u0131n\u0131n beklentilerine uyum sa\u011flayabilen profesyoneller yeti\u015ftirmek.<\/p>\n","protected":false},"excerpt":{"rendered":"<p>P\u00d6A1: \u0130\u00e7 mekan tasar\u0131m\u0131 alan\u0131nda temel tasar\u0131m ilkeleri, ergonomi, malzeme bilgisi ve teknik \u00e7izim konular\u0131nda sa\u011flam bir bilgi birikimine sahip, mesleki uygulamalarda bu bilgileri etkin bi\u00e7imde kullanabilen mezunlar yeti\u015ftirmek. P\u00d6A2: [&hellip;]<\/p>\n","protected":false},"author":1,"featured_media":0,"parent":0,"menu_order":0,"comment_status":"closed","ping_status":"closed","template":"","meta":{"footnotes":""},"class_list":["post-8307","page","type-page","status-publish","hentry"],"_links":{"self":[{"href":"https:\/\/icmekantasarim.avrasya.edu.tr\/index.php?rest_route=\/wp\/v2\/pages\/8307","targetHints":{"allow":["GET"]}}],"collection":[{"href":"https:\/\/icmekantasarim.avrasya.edu.tr\/index.php?rest_route=\/wp\/v2\/pages"}],"about":[{"href":"https:\/\/icmekantasarim.avrasya.edu.tr\/index.php?rest_route=\/wp\/v2\/types\/page"}],"author":[{"embeddable":true,"href":"https:\/\/icmekantasarim.avrasya.edu.tr\/index.php?rest_route=\/wp\/v2\/users\/1"}],"replies":[{"embeddable":true,"href":"https:\/\/icmekantasarim.avrasya.edu.tr\/index.php?rest_route=%2Fwp%2Fv2%2Fcomments&post=8307"}],"version-history":[{"count":2,"href":"https:\/\/icmekantasarim.avrasya.edu.tr\/index.php?rest_route=\/wp\/v2\/pages\/8307\/revisions"}],"predecessor-version":[{"id":8326,"href":"https:\/\/icmekantasarim.avrasya.edu.tr\/index.php?rest_route=\/wp\/v2\/pages\/8307\/revisions\/8326"}],"wp:attachment":[{"href":"https:\/\/icmekantasarim.avrasya.edu.tr\/index.php?rest_route=%2Fwp%2Fv2%2Fmedia&parent=8307"}],"curies":[{"name":"wp","href":"https:\/\/api.w.org\/{rel}","templated":true}]}}